{"id":2515,"date":"2023-11-13T17:57:56","date_gmt":"2023-11-13T17:57:56","guid":{"rendered":"https:\/\/abctoru.ee\/?post_type=product&#038;p=2515"},"modified":"2024-03-04T20:24:14","modified_gmt":"2024-03-04T20:24:14","slug":"gree-lomo-nordic-27-28kw","status":"publish","type":"product","link":"https:\/\/abctoru.ee\/ru\/toode\/gree-lomo-nordic-27-28kw\/","title":{"rendered":"Gree  Lomo Nordic, 2,7\/2,8kW"},"content":{"rendered":"<p><strong>Tehnilised omadused:<\/strong><br \/>\n\u2022 jahutus- \/ k\u00fcttev\u00f5imsus: 2,7\/3,0 kW;<br \/>\n\u2022 Hooajaline efektiivsus SEER (jahutusre\u017eiim): 7,5;<br \/>\n\u2022 hooajaline kasutegur SCOP (k\u00fcttere\u017eiim): 5,3;<br \/>\n\u2022 m\u00fcratase: 50 dB (A);<br \/>\n\u2022 K\u00fclmaaine toru\u00fchendused: 1\/4 &#171;+3\/8&#187;.<br \/>\n\u00b7Soojendus -25 \u02daC;<br \/>\n\u00b7Jahutus \u201315 \u02daC;<br \/>\n\u00b7k\u00fclmaine R32.;<br \/>\n\u00b72-astmeline kompressor;<br \/>\n\u00b7Siseosas \u00fchildub multisplit s\u00fcsteemiga;<br \/>\n\u00b7Sale disain.<br \/>\n<strong>P\u00d5HIJOONED:<\/strong><br \/>\n\u00b7Wi-Fi kontrollitav;<br \/>\n\u00b7+8 \u02daC\u00a0 soojendus;<br \/>\n\u00b7\u201eI Feel\u201c funktsioon;<br \/>\n\u00b7Automaatne taask\u00e4ivitus;<br \/>\n\u00b7T\u00f6\u00f6re\u017eiimid: automaatne operatsioon \/ jahutus \/ k\u00fcte \/ niiskuse kogumine \/ ventileerimine;<br \/>\n\u00b7Energia s\u00e4\u00e4stu reziim;<br \/>\n\u00b7Vaikne funktsioon;<br \/>\n\u00b73 erinevat \u00f6ist re\u017eiimi;<br \/>\n\u00b73 D labade liikumine ( vertikaal-horisontaal);<br \/>\n\u00b77 ventilaatori kiirust;<br \/>\n\u00b7TURBO k\u00fcte &amp; jahutus;<br \/>\n\u00b7K\u00fclma \u00f5hu ennetus;<br \/>\n\u00b7Inteligentne sulatus;<br \/>\n\u00b7COLD PLASMA ionisaator;<br \/>\n\u00b7Automaatne puhastus;<br \/>\n\u00b7Taimer;<br \/>\n\u00b7Sujuv k\u00e4ivitus;<br \/>\n\u00b7Enesekontroll;<br \/>\n\u00b7Freooni lekke kaitse;<br \/>\n\u00b7Madal ja k\u00f5rge pinge kaitse;<br \/>\n\u00b7Temperatuuri n\u00e4it;<br \/>\n\u00b7Lukustus;<br \/>\n\u00b7LED.<\/p>\n","protected":false},"excerpt":{"rendered":"<p>Tehnilised omadused: \u2022 jahutus- \/ k\u00fcttev\u00f5imsus: 2,7\/3,0 kW; \u2022 Hooajaline efektiivsus SEER (jahutusre\u017eiim): 7,5; \u2022 hooajaline kasutegur SCOP (k\u00fcttere\u017eiim): 5,3; \u2022 m\u00fcratase: 50 dB (A); \u2022 K\u00fclmaaine toru\u00fchendused: 1\/4 &#171;+3\/8&#187;.&hellip;<\/p>\n","protected":false},"featured_media":2516,"template":"","meta":{"_acf_changed":false,"inline_featured_image":false},"product_brand":[],"product_cat":[28],"product_tag":[],"class_list":{"0":"post-2515","1":"product","2":"type-product","3":"status-publish","4":"has-post-thumbnail","6":"product_cat-ohk-ohk-soojuspumbad","7":"pa_tootja-gree","9":"first","10":"instock","11":"taxable","12":"shipping-taxable","13":"purchasable","14":"product-type-simple"},"acf":[],"_links":{"self":[{"href":"https:\/\/abctoru.ee\/ru\/wp-json\/wp\/v2\/product\/2515","targetHints":{"allow":["GET"]}}],"collection":[{"href":"https:\/\/abctoru.ee\/ru\/wp-json\/wp\/v2\/product"}],"about":[{"href":"https:\/\/abctoru.ee\/ru\/wp-json\/wp\/v2\/types\/product"}],"wp:featuredmedia":[{"embeddable":true,"href":"https:\/\/abctoru.ee\/ru\/wp-json\/wp\/v2\/media\/2516"}],"wp:attachment":[{"href":"https:\/\/abctoru.ee\/ru\/wp-json\/wp\/v2\/media?parent=2515"}],"wp:term":[{"taxonomy":"product_brand","embeddable":true,"href":"https:\/\/abctoru.ee\/ru\/wp-json\/wp\/v2\/product_brand?post=2515"},{"taxonomy":"product_cat","embeddable":true,"href":"https:\/\/abctoru.ee\/ru\/wp-json\/wp\/v2\/product_cat?post=2515"},{"taxonomy":"product_tag","embeddable":true,"href":"https:\/\/abctoru.ee\/ru\/wp-json\/wp\/v2\/product_tag?post=2515"}],"curies":[{"name":"wp","href":"https:\/\/api.w.org\/{rel}","templated":true}]}}