{"id":2559,"date":"2023-12-15T12:15:59","date_gmt":"2023-12-15T12:15:59","guid":{"rendered":"https:\/\/abctoru.ee\/?post_type=product&#038;p=2559"},"modified":"2023-12-15T13:37:15","modified_gmt":"2023-12-15T13:37:15","slug":"alpha-innotec-split-l12-split-ht12","status":"publish","type":"product","link":"https:\/\/abctoru.ee\/ru\/toode\/alpha-innotec-split-l12-split-ht12\/","title":{"rendered":"Alpha innotec Split L12 Split + HT12"},"content":{"rendered":"<p>&nbsp;<\/p>\n<ul>\n<li>Inverterkompressor \u2013 optimaalne j\u00f5udlus vastavalt hetkevajadusele.<\/li>\n<li>\u00dclimalt kompaktne sisemoodul (0,4 m2 p\u00f5randapinda). Suhteliselt madal siseosa (k\u00f5rgus 1600 mm) on abiks kui siseseade tuleb paigaldada n\u00e4iteks keldrisse.<\/li>\n<li>Veebi\u00fchenduse valmidus. Juhtimine, ajalugu, h\u00e4ired.<\/li>\n<li>K\u00f5rge pealevoolu temperatuur (-20C juures 58C).<\/li>\n<li>Elektrib\u00f6rsi hinna j\u00e4lgimine (Nord Pool).<\/li>\n<li>Kuni kaheksa k\u00fctteringi juhtimine ( lisamoodul vajalik).<\/li>\n<li>Basseini k\u00fctte juhtimine (lisamoodul vajalik).<\/li>\n<li>V\u00e4lise lisak\u00fctte juhtimine.<\/li>\n<li>Jahutuse kolmikventiil ja juhtimine tehasekomplektsuses seadmes olemas.<\/li>\n<li>Eesti, vene, inglise keeles (loomulikult ka teised Euroopa keeled) juhtautomaatika.<\/li>\n<\/ul>\n","protected":false},"excerpt":{"rendered":"<p>Split seeria \u00f5hk-vesi soojuspumbad sobivad nii uusehitistesse kui ka olemasolevate k\u00fcttes\u00fcsteemide renoveerimiseks.<\/p>\n<div class=\"product_description\">\n<ul>\n<li data-rocket-lazy-bg-c50bbd68-e944-4006-9cc8-231e5444c960=\"loaded\" data-rocket-lazy-bg-8e71d211-a0a0-48f1-b93a-c0caa132b458=\"loaded\">Efektiivsus \u2013 k\u00f5rge SCOP tagab madalad p\u00fcsikulud<\/li>\n<li data-rocket-lazy-bg-c50bbd68-e944-4006-9cc8-231e5444c960=\"loaded\" data-rocket-lazy-bg-8e71d211-a0a0-48f1-b93a-c0caa132b458=\"loaded\">Nutikas juhtautomaatika koos veebiliidesega<\/li>\n<li data-rocket-lazy-bg-c50bbd68-e944-4006-9cc8-231e5444c960=\"loaded\" data-rocket-lazy-bg-8e71d211-a0a0-48f1-b93a-c0caa132b458=\"loaded\">Paigalduslikult v\u00e4ga kompaktne<\/li>\n<li data-rocket-lazy-bg-c50bbd68-e944-4006-9cc8-231e5444c960=\"loaded\" data-rocket-lazy-bg-8e71d211-a0a0-48f1-b93a-c0caa132b458=\"loaded\">Usaldusv\u00e4\u00e4rsus \u2013 lai partnerite v\u00f5rgustik \u00fcle Eesti<\/li>\n<li data-rocket-lazy-bg-c50bbd68-e944-4006-9cc8-231e5444c960=\"loaded\" data-rocket-lazy-bg-8e71d211-a0a0-48f1-b93a-c0caa132b458=\"loaded\">Keskkonnas\u00f5bralik \u2013 v\u00e4hendatud CO2 emissioon<\/li>\n<\/ul>\n<p>SPLIT seeria seadmed v\u00f5imaldavad nii tarbevee ettevalmistamisel kui ka k\u00fcttereziimil m\u00e4rkimisv\u00e4\u00e4rselt k\u00f5rgeid pealevoolu temperatuure, mist\u00f5ttu on seadmeid v\u00f5imalik liita ka k\u00f5rgetemperatuurilistesse k\u00fcttes\u00fcsteemidesse.<\/p>\n<\/div>\n","protected":false},"featured_media":2566,"template":"","meta":{"_acf_changed":false,"inline_featured_image":false},"product_brand":[],"product_cat":[27],"product_tag":[],"class_list":{"0":"post-2559","1":"product","2":"type-product","3":"status-publish","4":"has-post-thumbnail","6":"product_cat-ohk-vesi-soojuspumbad","7":"pa_tootja-alpha-innotec","9":"first","10":"instock","11":"taxable","12":"shipping-taxable","13":"purchasable","14":"product-type-simple"},"acf":[],"_links":{"self":[{"href":"https:\/\/abctoru.ee\/ru\/wp-json\/wp\/v2\/product\/2559","targetHints":{"allow":["GET"]}}],"collection":[{"href":"https:\/\/abctoru.ee\/ru\/wp-json\/wp\/v2\/product"}],"about":[{"href":"https:\/\/abctoru.ee\/ru\/wp-json\/wp\/v2\/types\/product"}],"wp:featuredmedia":[{"embeddable":true,"href":"https:\/\/abctoru.ee\/ru\/wp-json\/wp\/v2\/media\/2566"}],"wp:attachment":[{"href":"https:\/\/abctoru.ee\/ru\/wp-json\/wp\/v2\/media?parent=2559"}],"wp:term":[{"taxonomy":"product_brand","embeddable":true,"href":"https:\/\/abctoru.ee\/ru\/wp-json\/wp\/v2\/product_brand?post=2559"},{"taxonomy":"product_cat","embeddable":true,"href":"https:\/\/abctoru.ee\/ru\/wp-json\/wp\/v2\/product_cat?post=2559"},{"taxonomy":"product_tag","embeddable":true,"href":"https:\/\/abctoru.ee\/ru\/wp-json\/wp\/v2\/product_tag?post=2559"}],"curies":[{"name":"wp","href":"https:\/\/api.w.org\/{rel}","templated":true}]}}