{"id":2618,"date":"2024-03-04T15:11:51","date_gmt":"2024-03-04T15:11:51","guid":{"rendered":"https:\/\/abctoru.ee\/?post_type=product&#038;p=2618"},"modified":"2024-03-04T20:20:29","modified_gmt":"2024-03-04T20:20:29","slug":"midea-save-eco-split-12-3-5kw","status":"publish","type":"product","link":"https:\/\/abctoru.ee\/ru\/toode\/midea-save-eco-split-12-3-5kw\/","title":{"rendered":"Midea Save ECO SPLIT 12 3.5kW"},"content":{"rendered":"<div class=\"elementor-element elementor-element-8249a4a e-flex e-con-boxed e-con e-child\" data-id=\"8249a4a\" data-element_type=\"container\" data-settings=\"{&quot;container_type&quot;:&quot;flex&quot;,&quot;content_width&quot;:&quot;boxed&quot;}\">\n<div class=\"e-con-inner\">\n<div class=\"elementor-element elementor-element-df73013 exad-sticky-section-no exad-glass-effect-no elementor-widget elementor-widget-text-editor\" data-id=\"df73013\" data-element_type=\"widget\" data-widget_type=\"text-editor.default\">\n<div class=\"elementor-widget-container\">\n<p><strong>Vaikne<br \/>\n<\/strong>Vaiksel re\u017eiimil t\u00f6\u00f6tab seade madala helitasemega (kuni 20dB), et teie uni ei oleks h\u00e4iritud. Lihtsalt l\u00f5\u00f5gastu ja naudi.<br \/>\n<strong>\u00d5huvoolu suunamine<br \/>\n<\/strong>V\u00e4ltimaks jaheda \u00f5huvoolu otsest peale puhumist, saate kaugjuhtimispuldiga suunata \u00f5huvoolu endast eemale.<br \/>\n<strong>Pikem \u00f5huvool<br \/>\n<\/strong>Optimeeritud \u00f5hukanalite disain koost\u00f6\u00f6s turboventilaatoriga suudab ka kaugeimat toa nurka varustada sooja \u00f5huvooluga.<br \/>\n<strong style=\"font-size: 1.125rem;\">T\u00e4pne temperatuur<br \/>\n<\/strong><span style=\"font-size: 1.125rem;\">100 ventilaatori kiirust. Saate suurendada\/v\u00e4hendada ventilaatori kiirust 1% ulatuses, et pakkuda teile t\u00e4pset soovitud mugavust.<br \/>\n<\/span><strong style=\"font-size: 1.125rem;\">Nutikas WiFi juhtimine<br \/>\n<\/strong><span style=\"font-size: 1.125rem;\">Laadige alla MideaAir rakendus, et juhtida kliimaseademeid oma kodus olenemata asukohast.<\/span><\/p>\n<\/div>\n<\/div>\n<\/div>\n<\/div>\n","protected":false},"excerpt":{"rendered":"<p>UUS 2023 mudel!<br \/>\nSave ECO SPLIT<br \/>\n\u2013 Budget seeria mudel<br \/>\n\u2013 Smart SavE Mode\u2122<br \/>\n\u2013 \u00dclimalt energias\u00e4\u00e4stlik<br \/>\n\u2013 Midea APP: juhi seadet ka kodust eemal olles<br \/>\n\u2013 Topeltfiltreerimine<br \/>\n\u2013 Kiire jahutus ja k\u00fcte<br \/>\n\u2013 +8\u00b0C energias\u00e4\u00e4stu re\u017eiim<br \/>\n\u2013 V\u00e4lisosasse on paigaldatud k\u00fcttekaabel<\/p>\n","protected":false},"featured_media":2629,"template":"","meta":{"_acf_changed":false,"inline_featured_image":false},"product_brand":[],"product_cat":[28,26],"product_tag":[],"class_list":{"0":"post-2618","1":"product","2":"type-product","3":"status-publish","4":"has-post-thumbnail","6":"product_cat-ohk-ohk-soojuspumbad","7":"product_cat-soojuspumbad","8":"pa_tootja-midea","10":"first","11":"instock","12":"taxable","13":"shipping-taxable","14":"purchasable","15":"product-type-simple"},"acf":[],"_links":{"self":[{"href":"https:\/\/abctoru.ee\/ru\/wp-json\/wp\/v2\/product\/2618","targetHints":{"allow":["GET"]}}],"collection":[{"href":"https:\/\/abctoru.ee\/ru\/wp-json\/wp\/v2\/product"}],"about":[{"href":"https:\/\/abctoru.ee\/ru\/wp-json\/wp\/v2\/types\/product"}],"wp:featuredmedia":[{"embeddable":true,"href":"https:\/\/abctoru.ee\/ru\/wp-json\/wp\/v2\/media\/2629"}],"wp:attachment":[{"href":"https:\/\/abctoru.ee\/ru\/wp-json\/wp\/v2\/media?parent=2618"}],"wp:term":[{"taxonomy":"product_brand","embeddable":true,"href":"https:\/\/abctoru.ee\/ru\/wp-json\/wp\/v2\/product_brand?post=2618"},{"taxonomy":"product_cat","embeddable":true,"href":"https:\/\/abctoru.ee\/ru\/wp-json\/wp\/v2\/product_cat?post=2618"},{"taxonomy":"product_tag","embeddable":true,"href":"https:\/\/abctoru.ee\/ru\/wp-json\/wp\/v2\/product_tag?post=2618"}],"curies":[{"name":"wp","href":"https:\/\/api.w.org\/{rel}","templated":true}]}}